{"id":56,"date":"2015-12-09T09:33:44","date_gmt":"2015-12-09T14:33:44","guid":{"rendered":"http:\/\/yuvote.info.yorku.ca\/?page_id=56&#038;lang=fr"},"modified":"2019-11-11T16:10:12","modified_gmt":"2019-11-11T21:10:12","slug":"test-french","status":"publish","type":"page","link":"https:\/\/yuvote.info.yorku.ca\/fr\/","title":{"rendered":""},"content":{"rendered":"<p>yu vote est le syst\u00e8me de vote en ligne de l\u2019Universit\u00e9 York. Il vous permet de voter 24 heures sur 24, 7 jours sur 7. Le syst\u00e8me est con\u00e7u pour votre commodit\u00e9 et respecte l\u2019environnement.<\/p>\n<p>Avant de voter, lisez :<\/p>\n<ul>\n<li><a href=\"http:\/\/yuvote.info.yorku.ca\/renseignements-generaux\/?lang=fr\">Les renseignements g\u00e9n\u00e9raux concernant le vote en ligne<\/a><\/li>\n<li><a href=\"http:\/\/yuvote.info.yorku.ca\/ordinateur-portatif\/?lang=fr\">Les directives concernant le vote par ordinateur portatif<\/a><\/li>\n<\/ul>\n<p>Exigences techniques pour yu vote :<\/p>\n<ul>\n<li>Javascript doit \u00eatre activ\u00e9<\/li>\n<li>Le fichier cach\u00e9 doit \u00eatre activ\u00e9<\/li>\n<\/ul>\n<p>Pour vous assurer que le syst\u00e8me fonctionne bien, n\u2019ouvrez pas yu vote dans plus d\u2019une fen\u00eatre du navigateur ou dans plus d\u2019un onglet \u00e0 la fois.<\/p>\n<button  onclick=\"javascript:location.href='https:\/\/yuvote.cafe.uit.yorku.ca\/yuvote\/servlet\/evote\/template\/Index.vm\/action\/LocaleAction?locale=fr'\">Inscrivez-vous \u00e0 yu vote<\/button>\n<p>Passport York est le syst\u00e8me universel d\u2019ouverture de session \u00e0 York.<br \/>\nVous n\u2019avez encore jamais utilis\u00e9 Passport York? Vous trouverez des renseignements d\u00e9taill\u00e9s sur le site Web \u00ab <a href=\"http:\/\/computing.yorku.ca\/students\/home\/passwords-passport-york-access\/\">Computing at York<\/a> \u00bb.<\/p>\n","protected":false},"excerpt":{"rendered":"<p>yu vote est le syst\u00e8me de vote en ligne de l\u2019Universit\u00e9 York. Il vous permet de voter 24 heures sur 24, 7 jours sur 7. Le syst\u00e8me est con\u00e7u pour votre commodit\u00e9 et respecte l\u2019environnement. Avant de voter, lisez : Les renseignements g\u00e9n\u00e9raux concernant le vote en ligne Les directives concernant le vote par ordinateur [&hellip;]<\/p>\n","protected":false},"author":2,"featured_media":0,"parent":0,"menu_order":0,"comment_status":"closed","ping_status":"open","template":"","meta":[],"_links":{"self":[{"href":"https:\/\/yuvote.info.yorku.ca\/fr\/wp-json\/wp\/v2\/pages\/56"}],"collection":[{"href":"https:\/\/yuvote.info.yorku.ca\/fr\/wp-json\/wp\/v2\/pages"}],"about":[{"href":"https:\/\/yuvote.info.yorku.ca\/fr\/wp-json\/wp\/v2\/types\/page"}],"author":[{"embeddable":true,"href":"https:\/\/yuvote.info.yorku.ca\/fr\/wp-json\/wp\/v2\/users\/2"}],"replies":[{"embeddable":true,"href":"https:\/\/yuvote.info.yorku.ca\/fr\/wp-json\/wp\/v2\/comments?post=56"}],"version-history":[{"count":2,"href":"https:\/\/yuvote.info.yorku.ca\/fr\/wp-json\/wp\/v2\/pages\/56\/revisions"}],"predecessor-version":[{"id":87,"href":"https:\/\/yuvote.info.yorku.ca\/fr\/wp-json\/wp\/v2\/pages\/56\/revisions\/87"}],"wp:attachment":[{"href":"https:\/\/yuvote.info.yorku.ca\/fr\/wp-json\/wp\/v2\/media?parent=56"}],"curies":[{"name":"wp","href":"https:\/\/api.w.org\/{rel}","templated":true}]}}