{"id":65,"date":"2015-12-09T14:48:00","date_gmt":"2015-12-09T19:48:00","guid":{"rendered":"http:\/\/yuvote.info.yorku.ca\/?page_id=65&#038;lang=fr"},"modified":"2015-12-09T14:53:46","modified_gmt":"2015-12-09T19:53:46","slug":"ordinateur-portatif","status":"publish","type":"page","link":"https:\/\/yuvote.info.yorku.ca\/fr\/ordinateur-portatif\/","title":{"rendered":"Directives concernant le vote par ordinateur portatif"},"content":{"rendered":"<p><em>Voici quelques lignes directrices pour les \u00e9lections \u00e9tudiantes fournies par le Centre de SC&amp;LD. Quel que soit votre affiliation, lorsque vous votez, soyez conscient de vos environs.<\/em><\/p>\n<p>Afin de maintenir la confidentialit\u00e9 et l\u2019int\u00e9grit\u00e9 du processus \u00e9lectoral, on doit accorder \u00e0 tous les \u00e9lecteurs votant par le biais d\u2019un ordinateur portatif un espace libre d\u2019un rayon de cinq (5) pieds lorsqu\u2019ils votent.<\/p>\n<p>En aucun cas, il n\u2019est permis \u00e0 toute personne rattach\u00e9e aux \u00e9lections, autre que le personnel du scrutin, d\u2019\u00eatre dans l\u2019espace libre de cinq pieds o\u00f9 se trouve l\u2019\u00e9lecteur votant par le biais d\u2019un ordinateur portatif.<\/p>\n<p>Si un \u00e9lecteur ressent qu\u2019une pression est exerc\u00e9e sur lui afin qu\u2019il vote pour un candidat ou un r\u00e9f\u00e9rendum contre son gr\u00e9, on lui conseille de :<\/p>\n<ol>\n<li>Refuser d\u2019entrer dans le syst\u00e8me de vote \u00e9lectronique jusqu\u2019\u00e0 ce que la confidentialit\u00e9 soit assur\u00e9e, ou, s\u2019il est en ligne, sortir du syst\u00e8me.<\/li>\n<li>Avertir \u00a0du probl\u00e8me le directeur g\u00e9n\u00e9ral de l\u2019\u00e9lection en lui envoyant un courriel d\u00e9taill\u00e9 ou un avis \u00e9crit.<\/li>\n<li>Avertir \u00a0du probl\u00e8me le Comit\u00e9 d\u2019examen des \u00e9lections en envoyant un courriel d\u00e9taill\u00e9 \u00e0 \u00a0<a href=\"mailto:erc@yorku.ca\">erc@yorku.ca<\/a>.<\/li>\n<\/ol>\n","protected":false},"excerpt":{"rendered":"<p>Voici quelques lignes directrices pour les \u00e9lections \u00e9tudiantes fournies par le Centre de SC&amp;LD. Quel que soit votre affiliation, lorsque vous votez, soyez conscient de vos environs. Afin de maintenir la confidentialit\u00e9 et l\u2019int\u00e9grit\u00e9 du processus \u00e9lectoral, on doit accorder \u00e0 tous les \u00e9lecteurs votant par le biais d\u2019un ordinateur portatif un espace libre d\u2019un [&hellip;]<\/p>\n","protected":false},"author":37,"featured_media":0,"parent":0,"menu_order":0,"comment_status":"closed","ping_status":"open","template":"","meta":[],"_links":{"self":[{"href":"https:\/\/yuvote.info.yorku.ca\/fr\/wp-json\/wp\/v2\/pages\/65"}],"collection":[{"href":"https:\/\/yuvote.info.yorku.ca\/fr\/wp-json\/wp\/v2\/pages"}],"about":[{"href":"https:\/\/yuvote.info.yorku.ca\/fr\/wp-json\/wp\/v2\/types\/page"}],"author":[{"embeddable":true,"href":"https:\/\/yuvote.info.yorku.ca\/fr\/wp-json\/wp\/v2\/users\/37"}],"replies":[{"embeddable":true,"href":"https:\/\/yuvote.info.yorku.ca\/fr\/wp-json\/wp\/v2\/comments?post=65"}],"version-history":[{"count":1,"href":"https:\/\/yuvote.info.yorku.ca\/fr\/wp-json\/wp\/v2\/pages\/65\/revisions"}],"predecessor-version":[{"id":66,"href":"https:\/\/yuvote.info.yorku.ca\/fr\/wp-json\/wp\/v2\/pages\/65\/revisions\/66"}],"wp:attachment":[{"href":"https:\/\/yuvote.info.yorku.ca\/fr\/wp-json\/wp\/v2\/media?parent=65"}],"curies":[{"name":"wp","href":"https:\/\/api.w.org\/{rel}","templated":true}]}}