{"id":68,"date":"2015-12-09T14:50:44","date_gmt":"2015-12-09T19:50:44","guid":{"rendered":"http:\/\/yuvote.info.yorku.ca\/?page_id=68&#038;lang=fr"},"modified":"2015-12-09T14:54:02","modified_gmt":"2015-12-09T19:54:02","slug":"politique-dusage","status":"publish","type":"page","link":"https:\/\/yuvote.info.yorku.ca\/fr\/politique-dusage\/","title":{"rendered":"Politique d&rsquo;usage g&eacute;n&eacute;ral et avis de non-responsabilit&eacute;"},"content":{"rendered":"<p>J\u2019ai lu et je suis inform\u00e9(e) des politiques g\u00e9n\u00e9rales suivantes r\u00e9gissant yu vote :<\/p>\n<ul type=\"disc\">\n<li>L\u2019\u00e9lection et\/ou les questions r\u00e9f\u00e9rendaires sont men\u00e9es \u00e9lectroniquement par un syst\u00e8me de vote en ligne.<\/li>\n<li>Les r\u00e9sultats \u00e9lectoraux seront totalis\u00e9s \u00e9lectroniquement par le syst\u00e8me yu vote.<\/li>\n<li>Le proc\u00e9d\u00e9 de v\u00e9rification d\u2019une \u00e9lection ou d\u2019un r\u00e9f\u00e9rendum par yu vote ne contiendra que mon num\u00e9ro d\u2019\u00e9tudiant et la date et l\u2019heure auxquelles j\u2019ai vot\u00e9.<\/li>\n<li>Bien que les \u00e9lecteurs puissent obtenir quelques renseignements par l\u2019interm\u00e9diaire de yu vote, en tant que personne votant \u00e0 cette \u00e9lection ou \u00e0 ce r\u00e9f\u00e9rendum, je comprends qu\u2019il m\u2019incombe de me renseigner sur les candidats se pr\u00e9sentant \u00e0 ces \u00e9lections ou sur les questions pos\u00e9es par le r\u00e9f\u00e9rendum.<\/li>\n<li>Les \u00e9tudiants votant \u00e0 une \u00e9lection et\/ou \u00e0 un r\u00e9f\u00e9rendum \u00e9tudiants acceptent que toute plainte li\u00e9e \u00e0 une \u00e9lection ou \u00e0 un r\u00e9f\u00e9rendum soit port\u00e9e \u00e0 l\u2019attention du Comit\u00e9 d\u2019examen des \u00e9lections\u00a0: <a href=\"mailto:erc@yorku.ca\">erc@yorku.ca<\/a>.<\/li>\n<\/ul>\n","protected":false},"excerpt":{"rendered":"<p>J\u2019ai lu et je suis inform\u00e9(e) des politiques g\u00e9n\u00e9rales suivantes r\u00e9gissant yu vote : L\u2019\u00e9lection et\/ou les questions r\u00e9f\u00e9rendaires sont men\u00e9es \u00e9lectroniquement par un syst\u00e8me de vote en ligne. Les r\u00e9sultats \u00e9lectoraux seront totalis\u00e9s \u00e9lectroniquement par le syst\u00e8me yu vote. Le proc\u00e9d\u00e9 de v\u00e9rification d\u2019une \u00e9lection ou d\u2019un r\u00e9f\u00e9rendum par yu vote ne contiendra que [&hellip;]<\/p>\n","protected":false},"author":37,"featured_media":0,"parent":0,"menu_order":0,"comment_status":"closed","ping_status":"closed","template":"","meta":[],"_links":{"self":[{"href":"https:\/\/yuvote.info.yorku.ca\/fr\/wp-json\/wp\/v2\/pages\/68"}],"collection":[{"href":"https:\/\/yuvote.info.yorku.ca\/fr\/wp-json\/wp\/v2\/pages"}],"about":[{"href":"https:\/\/yuvote.info.yorku.ca\/fr\/wp-json\/wp\/v2\/types\/page"}],"author":[{"embeddable":true,"href":"https:\/\/yuvote.info.yorku.ca\/fr\/wp-json\/wp\/v2\/users\/37"}],"replies":[{"embeddable":true,"href":"https:\/\/yuvote.info.yorku.ca\/fr\/wp-json\/wp\/v2\/comments?post=68"}],"version-history":[{"count":1,"href":"https:\/\/yuvote.info.yorku.ca\/fr\/wp-json\/wp\/v2\/pages\/68\/revisions"}],"predecessor-version":[{"id":69,"href":"https:\/\/yuvote.info.yorku.ca\/fr\/wp-json\/wp\/v2\/pages\/68\/revisions\/69"}],"wp:attachment":[{"href":"https:\/\/yuvote.info.yorku.ca\/fr\/wp-json\/wp\/v2\/media?parent=68"}],"curies":[{"name":"wp","href":"https:\/\/api.w.org\/{rel}","templated":true}]}}